{"id":9,"date":"2024-07-18T21:10:18","date_gmt":"2024-07-18T21:10:18","guid":{"rendered":"https:\/\/lenscare.hu\/kosar\/"},"modified":"2024-12-11T18:39:09","modified_gmt":"2024-12-11T18:39:09","slug":"kosar","status":"publish","type":"page","link":"https:\/\/lenscare.hu\/en\/kosar\/","title":{"rendered":"Kos\u00e1r"},"content":{"rendered":"<div data-block-name=\"woocommerce\/cart\" class=\"wp-block-woocommerce-cart alignwide is-loading\">\n<div data-block-name=\"woocommerce\/filled-cart-block\" class=\"wp-block-woocommerce-filled-cart-block\">\n<div data-block-name=\"woocommerce\/cart-items-block\" class=\"wp-block-woocommerce-cart-items-block\">\n<div data-block-name=\"woocommerce\/cart-line-items-block\" class=\"wp-block-woocommerce-cart-line-items-block\"><\/div>\n\n\n\n<div data-block-name=\"woocommerce\/cart-cross-sells-block\" class=\"wp-block-woocommerce-cart-cross-sells-block\">\n<h2 class=\"wp-block-heading has-large-font-size\">Tal\u00e1n \u00e9rdekelhetnek ezek&#8230;<\/h2>\n\n\n\n<div data-block-name=\"woocommerce\/cart-cross-sells-products-block\" class=\"wp-block-woocommerce-cart-cross-sells-products-block\"><\/div>\n<\/div>\n<\/div>\n\n\n\n<div data-block-name=\"woocommerce\/cart-totals-block\" class=\"wp-block-woocommerce-cart-totals-block\">\n<div data-block-name=\"woocommerce\/cart-order-summary-block\" class=\"wp-block-woocommerce-cart-order-summary-block\">\n<div data-block-name=\"woocommerce\/cart-order-summary-heading-block\" class=\"wp-block-woocommerce-cart-order-summary-heading-block\"><\/div><div data-block-name=\"woocommerce\/cart-order-summary-coupon-form-block\" class=\"wp-block-woocommerce-cart-order-summary-coupon-form-block\"><\/div><div data-block-name=\"woocommerce\/cart-order-summary-totals-block\" class=\"wp-block-woocommerce-cart-order-summary-totals-block\">\n<div data-block-name=\"woocommerce\/cart-order-summary-subtotal-block\" class=\"wp-block-woocommerce-cart-order-summary-subtotal-block\"><\/div>\n<div data-block-name=\"woocommerce\/cart-order-summary-discount-block\" class=\"wp-block-woocommerce-cart-order-summary-discount-block\"><\/div>\n<div data-block-name=\"woocommerce\/cart-order-summary-fee-block\" class=\"wp-block-woocommerce-cart-order-summary-fee-block\"><\/div>\n<div data-block-name=\"woocommerce\/cart-order-summary-shipping-block\" class=\"wp-block-woocommerce-cart-order-summary-shipping-block\"><\/div>\n<div data-block-name=\"woocommerce\/cart-order-summary-taxes-block\" class=\"wp-block-woocommerce-cart-order-summary-taxes-block\"><\/div><\/div>\n<\/div>\n\n\n\n<div data-block-name=\"woocommerce\/cart-express-payment-block\" class=\"wp-block-woocommerce-cart-express-payment-block\"><\/div>\n\n\n\n<div data-block-name=\"woocommerce\/proceed-to-checkout-block\" class=\"wp-block-woocommerce-proceed-to-checkout-block\"><\/div>\n\n\n\n<div data-block-name=\"woocommerce\/cart-accepted-payment-methods-block\" class=\"wp-block-woocommerce-cart-accepted-payment-methods-block\"><\/div>\n<\/div>\n<\/div>\n\n\n\n<div data-block-name=\"woocommerce\/empty-cart-block\" class=\"wp-block-woocommerce-empty-cart-block\">\n<h2 class=\"wp-block-heading has-text-align-center with-empty-cart-icon wc-block-cart__empty-cart__title\">Jelenleg \u00fcres a kosarad.<\/h2>\n\n\n\n<hr class=\"wp-block-separator has-alpha-channel-opacity is-style-dots\"\/>\n\n\n\n<h2 class=\"wp-block-heading has-text-align-center\">\u00dajdons\u00e1gok<\/h2>\n\n\n<div data-block-name=\"woocommerce\/product-new\" data-columns=\"4\" data-rows=\"1\" class=\"wc-block-grid wp-block-product-new wp-block-woocommerce-product-new wc-block-product-new has-4-columns\"><ul class=\"wc-block-grid__products\"><li class=\"wc-block-grid__product\">\n\t\t\t\t<a href=\"https:\/\/lenscare.hu\/en\/product\/total-30-for-astigmatism-6-db\/\" class=\"wc-block-grid__product-link\">\n\t\t\t\t\t\n\t\t\t\t\t<div class=\"wc-block-grid__product-image\"><img fetchpriority=\"high\" decoding=\"async\" width=\"300\" height=\"300\" src=\"https:\/\/lenscare.hu\/wp-content\/uploads\/2025\/05\/Total-30-For-Astigmatism-6-db-300x300.webp\" class=\"attachment-woocommerce_thumbnail size-woocommerce_thumbnail\" alt=\"Total 30 For Astigmatism 6 db\" srcset=\"https:\/\/lenscare.hu\/wp-content\/uploads\/2025\/05\/Total-30-For-Astigmatism-6-db-300x300.webp 300w, https:\/\/lenscare.hu\/wp-content\/uploads\/2025\/05\/Total-30-For-Astigmatism-6-db-150x150.webp 150w, https:\/\/lenscare.hu\/wp-content\/uploads\/2025\/05\/Total-30-For-Astigmatism-6-db-12x12.webp 12w, https:\/\/lenscare.hu\/wp-content\/uploads\/2025\/05\/Total-30-For-Astigmatism-6-db-100x100.webp 100w, https:\/\/lenscare.hu\/wp-content\/uploads\/2025\/05\/Total-30-For-Astigmatism-6-db-47x48.webp 47w, https:\/\/lenscare.hu\/wp-content\/uploads\/2025\/05\/Total-30-For-Astigmatism-6-db.webp 580w\" sizes=\"(max-width: 300px) 100vw, 300px\" \/><\/div>\n\t\t\t\t\t<div class=\"wc-block-grid__product-title\">Total 30 For Astigmatism 6 db<\/div>\n\t\t\t\t<\/a>\n\t\t\t\t<div class=\"wc-block-grid__product-price price\"><span class=\"woocommerce-Price-amount amount\">18 990&nbsp;<span class=\"woocommerce-Price-currencySymbol\">&#070;&#116;<\/span><\/span><\/div>\n\t\t\t\t\n\t\t\t\t<div class=\"wp-block-button wc-block-grid__product-add-to-cart\"><a href=\"https:\/\/lenscare.hu\/en\/product\/total-30-for-astigmatism-6-db\/\" aria-label=\"V\u00e1lasszunk \u201cTotal 30 For Astigmatism 6 db\u201d lehet\u0151s\u00e9gek k\u00f6z\u00fcl\" data-quantity=\"1\" data-product_id=\"6749\" data-product_sku=\"CL-1077\" data-price=\"18990\" rel=\"nofollow\" class=\"wp-block-button__link  add_to_cart_button\" data-no-translation=\"\" data-trp-gettext=\"\" data-no-translation-aria-label=\"\">Opci\u00f3k v\u00e1laszt\u00e1sa<\/a><\/div>\n\t\t\t<\/li><li class=\"wc-block-grid__product\">\n\t\t\t\t<a href=\"https:\/\/lenscare.hu\/en\/product\/total-30-for-astigmatism-3-db\/\" class=\"wc-block-grid__product-link\">\n\t\t\t\t\t\n\t\t\t\t\t<div class=\"wc-block-grid__product-image\"><img decoding=\"async\" width=\"300\" height=\"300\" src=\"https:\/\/lenscare.hu\/wp-content\/uploads\/2025\/05\/Total-30-For-Astigmatism-3-db-300x300.webp\" class=\"attachment-woocommerce_thumbnail size-woocommerce_thumbnail\" alt=\"Total 30 For Astigmatism 3 db\" srcset=\"https:\/\/lenscare.hu\/wp-content\/uploads\/2025\/05\/Total-30-For-Astigmatism-3-db-300x300.webp 300w, https:\/\/lenscare.hu\/wp-content\/uploads\/2025\/05\/Total-30-For-Astigmatism-3-db-150x150.webp 150w, https:\/\/lenscare.hu\/wp-content\/uploads\/2025\/05\/Total-30-For-Astigmatism-3-db-12x12.webp 12w, https:\/\/lenscare.hu\/wp-content\/uploads\/2025\/05\/Total-30-For-Astigmatism-3-db-100x100.webp 100w, https:\/\/lenscare.hu\/wp-content\/uploads\/2025\/05\/Total-30-For-Astigmatism-3-db-47x48.webp 47w, https:\/\/lenscare.hu\/wp-content\/uploads\/2025\/05\/Total-30-For-Astigmatism-3-db.webp 580w\" sizes=\"(max-width: 300px) 100vw, 300px\" \/><\/div>\n\t\t\t\t\t<div class=\"wc-block-grid__product-title\">Total 30 For Astigmatism 3 db<\/div>\n\t\t\t\t<\/a>\n\t\t\t\t<div class=\"wc-block-grid__product-price price\"><span class=\"woocommerce-Price-amount amount\">10 990&nbsp;<span class=\"woocommerce-Price-currencySymbol\">&#070;&#116;<\/span><\/span><\/div>\n\t\t\t\t\n\t\t\t\t<div class=\"wp-block-button wc-block-grid__product-add-to-cart\"><a href=\"https:\/\/lenscare.hu\/en\/product\/total-30-for-astigmatism-3-db\/\" aria-label=\"V\u00e1lasszunk \u201cTotal 30 For Astigmatism 3 db\u201d lehet\u0151s\u00e9gek k\u00f6z\u00fcl\" data-quantity=\"1\" data-product_id=\"6748\" data-product_sku=\"CL-1076\" data-price=\"10990\" rel=\"nofollow\" class=\"wp-block-button__link  add_to_cart_button\" data-no-translation=\"\" data-trp-gettext=\"\" data-no-translation-aria-label=\"\">Opci\u00f3k v\u00e1laszt\u00e1sa<\/a><\/div>\n\t\t\t<\/li><li class=\"wc-block-grid__product\">\n\t\t\t\t<a href=\"https:\/\/lenscare.hu\/en\/product\/switch-premier-toric-3-db\/\" class=\"wc-block-grid__product-link\">\n\t\t\t\t\t\n\t\t\t\t\t<div class=\"wc-block-grid__product-image\"><img decoding=\"async\" width=\"300\" height=\"300\" src=\"https:\/\/lenscare.hu\/wp-content\/uploads\/2025\/05\/Switch-Premier-Toric-3-db-300x300.webp\" class=\"attachment-woocommerce_thumbnail size-woocommerce_thumbnail\" alt=\"Switch Premier Toric 3 db\" srcset=\"https:\/\/lenscare.hu\/wp-content\/uploads\/2025\/05\/Switch-Premier-Toric-3-db-300x300.webp 300w, https:\/\/lenscare.hu\/wp-content\/uploads\/2025\/05\/Switch-Premier-Toric-3-db-150x150.webp 150w, https:\/\/lenscare.hu\/wp-content\/uploads\/2025\/05\/Switch-Premier-Toric-3-db-768x768.webp 768w, https:\/\/lenscare.hu\/wp-content\/uploads\/2025\/05\/Switch-Premier-Toric-3-db-12x12.webp 12w, https:\/\/lenscare.hu\/wp-content\/uploads\/2025\/05\/Switch-Premier-Toric-3-db-600x600.webp 600w, https:\/\/lenscare.hu\/wp-content\/uploads\/2025\/05\/Switch-Premier-Toric-3-db-100x100.webp 100w, https:\/\/lenscare.hu\/wp-content\/uploads\/2025\/05\/Switch-Premier-Toric-3-db-47x48.webp 47w, https:\/\/lenscare.hu\/wp-content\/uploads\/2025\/05\/Switch-Premier-Toric-3-db.webp 824w\" sizes=\"(max-width: 300px) 100vw, 300px\" \/><\/div>\n\t\t\t\t\t<div class=\"wc-block-grid__product-title\">Switch Premier Toric 3 db<\/div>\n\t\t\t\t<\/a>\n\t\t\t\t<div class=\"wc-block-grid__product-price price\"><span class=\"woocommerce-Price-amount amount\">9 350&nbsp;<span class=\"woocommerce-Price-currencySymbol\">&#070;&#116;<\/span><\/span><\/div>\n\t\t\t\t\n\t\t\t\t<div class=\"wp-block-button wc-block-grid__product-add-to-cart\"><a href=\"https:\/\/lenscare.hu\/en\/product\/switch-premier-toric-3-db\/\" aria-label=\"V\u00e1lasszunk \u201cSwitch Premier Toric 3 db\u201d lehet\u0151s\u00e9gek k\u00f6z\u00fcl\" data-quantity=\"1\" data-product_id=\"6747\" data-product_sku=\"CL-1075\" data-price=\"9350\" rel=\"nofollow\" class=\"wp-block-button__link  add_to_cart_button\" data-no-translation=\"\" data-trp-gettext=\"\" data-no-translation-aria-label=\"\">Opci\u00f3k v\u00e1laszt\u00e1sa<\/a><\/div>\n\t\t\t<\/li><li class=\"wc-block-grid__product\">\n\t\t\t\t<a href=\"https:\/\/lenscare.hu\/en\/product\/switch-premier-multifocal-3-db\/\" class=\"wc-block-grid__product-link\">\n\t\t\t\t\t\n\t\t\t\t\t<div class=\"wc-block-grid__product-image\"><img loading=\"lazy\" decoding=\"async\" width=\"300\" height=\"300\" src=\"https:\/\/lenscare.hu\/wp-content\/uploads\/2025\/05\/Switch-Premier-Multifocal-3-db-300x300.webp\" class=\"attachment-woocommerce_thumbnail size-woocommerce_thumbnail\" alt=\"Switch Premier Multifocal 3 db\" srcset=\"https:\/\/lenscare.hu\/wp-content\/uploads\/2025\/05\/Switch-Premier-Multifocal-3-db-300x300.webp 300w, https:\/\/lenscare.hu\/wp-content\/uploads\/2025\/05\/Switch-Premier-Multifocal-3-db-150x150.webp 150w, https:\/\/lenscare.hu\/wp-content\/uploads\/2025\/05\/Switch-Premier-Multifocal-3-db-768x768.webp 768w, https:\/\/lenscare.hu\/wp-content\/uploads\/2025\/05\/Switch-Premier-Multifocal-3-db-12x12.webp 12w, https:\/\/lenscare.hu\/wp-content\/uploads\/2025\/05\/Switch-Premier-Multifocal-3-db-600x600.webp 600w, https:\/\/lenscare.hu\/wp-content\/uploads\/2025\/05\/Switch-Premier-Multifocal-3-db-100x100.webp 100w, https:\/\/lenscare.hu\/wp-content\/uploads\/2025\/05\/Switch-Premier-Multifocal-3-db-47x48.webp 47w, https:\/\/lenscare.hu\/wp-content\/uploads\/2025\/05\/Switch-Premier-Multifocal-3-db.webp 824w\" sizes=\"(max-width: 300px) 100vw, 300px\" \/><\/div>\n\t\t\t\t\t<div class=\"wc-block-grid__product-title\">Switch Premier Multifocal 3 db<\/div>\n\t\t\t\t<\/a>\n\t\t\t\t<div class=\"wc-block-grid__product-price price\"><span class=\"woocommerce-Price-amount amount\">10 490&nbsp;<span class=\"woocommerce-Price-currencySymbol\">&#070;&#116;<\/span><\/span><\/div>\n\t\t\t\t\n\t\t\t\t<div class=\"wp-block-button wc-block-grid__product-add-to-cart\"><a href=\"https:\/\/lenscare.hu\/en\/product\/switch-premier-multifocal-3-db\/\" aria-label=\"V\u00e1lasszunk \u201cSwitch Premier Multifocal 3 db\u201d lehet\u0151s\u00e9gek k\u00f6z\u00fcl\" data-quantity=\"1\" data-product_id=\"6746\" data-product_sku=\"CL-1074\" data-price=\"10490\" rel=\"nofollow\" class=\"wp-block-button__link  add_to_cart_button\" data-no-translation=\"\" data-trp-gettext=\"\" data-no-translation-aria-label=\"\">Opci\u00f3k v\u00e1laszt\u00e1sa<\/a><\/div>\n\t\t\t<\/li><\/ul><\/div><\/div>\n<\/div>\n\n\n<!--themify_builder_static--><!--\/themify_builder_static-->","protected":false},"excerpt":{"rendered":"","protected":false},"author":1,"featured_media":0,"parent":0,"menu_order":0,"comment_status":"closed","ping_status":"closed","template":"","meta":{"footnotes":""},"class_list":["post-9","page","type-page","status-publish","hentry","has-post-title","has-post-date","has-post-category","has-post-tag","has-post-comment","has-post-author",""],"builder_content":"","_links":{"self":[{"href":"https:\/\/lenscare.hu\/en\/wp-json\/wp\/v2\/pages\/9","targetHints":{"allow":["GET"]}}],"collection":[{"href":"https:\/\/lenscare.hu\/en\/wp-json\/wp\/v2\/pages"}],"about":[{"href":"https:\/\/lenscare.hu\/en\/wp-json\/wp\/v2\/types\/page"}],"author":[{"embeddable":true,"href":"https:\/\/lenscare.hu\/en\/wp-json\/wp\/v2\/users\/1"}],"replies":[{"embeddable":true,"href":"https:\/\/lenscare.hu\/en\/wp-json\/wp\/v2\/comments?post=9"}],"version-history":[{"count":0,"href":"https:\/\/lenscare.hu\/en\/wp-json\/wp\/v2\/pages\/9\/revisions"}],"wp:attachment":[{"href":"https:\/\/lenscare.hu\/en\/wp-json\/wp\/v2\/media?parent=9"}],"curies":[{"name":"wp","href":"https:\/\/api.w.org\/{rel}","templated":true}]}}